{"id":7685,"date":"2025-08-29T19:56:08","date_gmt":"2025-08-29T16:56:08","guid":{"rendered":"https:\/\/turquoisedahabiya.com\/politique-de-confidentialite\/"},"modified":"2026-01-03T11:57:47","modified_gmt":"2026-01-03T09:57:47","slug":"politique-de-confidentialite","status":"publish","type":"page","link":"https:\/\/turquoisedahabiya.com\/fr\/politique-de-confidentialite\/","title":{"rendered":"Politique de confidentialit\u00e9"},"content":{"rendered":"\n<h1 class=\"wp-block-heading\"><strong>Politique de confidentialit\u00e9  <\/strong><\/h1>\n\n<p><strong>Date d\u2019entr\u00e9e en vigueur\u00a0: 13\u00a0ao\u00fbt\u00a02025<\/strong><\/p>\n\n<p>Turquoise Dahabiya s\u2019engage \u00e0 prot\u00e9ger la confidentialit\u00e9 et la s\u00e9curit\u00e9 des renseignements personnels de ses clients et des visiteurs de son site\u00a0Web. Notre objectif est d\u2019offrir une exp\u00e9rience de voyage de luxe in\u00e9gal\u00e9e sur le Nil, ce qui comprend de vous assurer que vous avez confiance dans la fa\u00e7on dont nous traitons vos donn\u00e9es. La pr\u00e9sente politique de confidentialit\u00e9 d\u00e9crit nos pratiques de collecte, d\u2019utilisation et de protection de vos renseignements lorsque vous utilisez notre site\u00a0Web, <a href=\"https:\/\/turquoisedahabiya.com\/fr\/\">https:\/\/turquoisedahabiya.com\/<\/a>.  <\/p>\n\n<p>En utilisant notre site\u00a0Web et nos services, vous consentez aux pratiques relatives aux donn\u00e9es d\u00e9crites dans la pr\u00e9sente politique.<\/p>\n\n<h2 class=\"wp-block-heading\"><strong>1. Renseignements que nous recueillons<\/strong><\/h2>\n\n<p>Nous recueillons les renseignements essentiels pour vous fournir nos services de voyage sur mesure. Ces donn\u00e9es sont recueillies lorsque vous soumettez volontairement une demande ou communiquez directement avec nous. <\/p>\n\n<ul class=\"wp-block-list\">\n<li><strong>Renseignements personnels que vous fournissez\u00a0:<\/strong> Les renseignements que nous recueillons peuvent comprendre votre <strong>nom complet<\/strong>, votre <strong>adresse courriel<\/strong>, votre <strong>num\u00e9ro de t\u00e9l\u00e9phone<\/strong>, le <strong>nombre de voyageurs<\/strong> dans votre groupe, vos <strong>dates de voyage pr\u00e9f\u00e9r\u00e9es<\/strong> et tout autre d\u00e9tail ou demande sp\u00e9cifique que vous incluez dans votre message de demande.<\/li>\n\n\n\n<li><strong>Donn\u00e9es recueillies automatiquement\u00a0:<\/strong> Lorsque vous naviguez sur notre site\u00a0Web, nos syst\u00e8mes peuvent recueillir automatiquement des donn\u00e9es techniques standard, telles que votre adresse\u00a0IP, votre type de navigateur et des d\u00e9tails d\u2019utilisation (comme les pages visit\u00e9es). Ces donn\u00e9es anonymes nous aident \u00e0 analyser le trafic du site\u00a0Web et \u00e0 am\u00e9liorer l\u2019exp\u00e9rience en ligne pour tous nos clients. <\/li>\n<\/ul>\n\n<h2 class=\"wp-block-heading\"><strong>2. Comment nous utilisons vos renseignements<\/strong><\/h2>\n\n<p>Vos renseignements personnels sont utilis\u00e9s exclusivement pour concevoir et fournir le service exceptionnel pour lequel Turquoise Dahabiya est reconnue. Les principaux objectifs sont les suivants\u00a0: <\/p>\n\n<ul class=\"wp-block-list\">\n<li><strong>R\u00e9pondre \u00e0 vos demandes\u00a0:<\/strong> Pour vous fournir un devis d\u00e9taill\u00e9 et personnalis\u00e9 pour la croisi\u00e8re sur le Nil que vous d\u00e9sirez.<\/li>\n\n\n\n<li><strong>\u00c9laborer votre itin\u00e9raire\u00a0:<\/strong> Pour concevoir et g\u00e9rer votre r\u00e9servation, en adaptant le voyage \u00e0 vos pr\u00e9f\u00e9rences sp\u00e9cifiques.<\/li>\n\n\n\n<li><strong>Communication avec les clients\u00a0:<\/strong> Pour vous envoyer des confirmations, des renseignements pr\u00e9alables au voyage et des mises \u00e0 jour concernant votre voyage.<\/li>\n\n\n\n<li><strong>Am\u00e9lioration du service\u00a0:<\/strong> Pour analyser les besoins et les int\u00e9r\u00eats des clients, ce qui nous aide \u00e0 am\u00e9liorer continuellement nos offres de luxe.<\/li>\n\n\n\n<li><strong>Conformit\u00e9 juridique\u00a0:<\/strong> Pour r\u00e9soudre tout litige ou d\u00e9panner les probl\u00e8mes conform\u00e9ment aux exigences de la loi.<\/li>\n<\/ul>\n\n<h2 class=\"wp-block-heading\"><strong>3. Protection et s\u00e9curit\u00e9 des donn\u00e9es<\/strong><\/h2>\n\n<p>Nous traitons la s\u00e9curit\u00e9 de vos renseignements personnels avec le plus grand s\u00e9rieux. Notre engagement envers votre vie priv\u00e9e est absolu. <\/p>\n\n<ul class=\"wp-block-list\">\n<li><strong>Mesures de s\u00e9curit\u00e9\u00a0:<\/strong> Nous avons mis en \u0153uvre des mesures de s\u00e9curit\u00e9 administratives, \u00e9lectroniques et physiques robustes pour prot\u00e9ger vos donn\u00e9es contre l\u2019acc\u00e8s, la divulgation ou l\u2019alt\u00e9ration non autoris\u00e9s.<\/li>\n\n\n\n<li><strong>Contr\u00f4le d\u2019acc\u00e8s\u00a0:<\/strong> L\u2019acc\u00e8s \u00e0 vos renseignements personnels est strictement limit\u00e9 aux membres de notre \u00e9quipe principale qui participent directement \u00e0 l\u2019\u00e9laboration et \u00e0 la gestion de votre exp\u00e9rience de voyage. Cet acc\u00e8s est accord\u00e9 uniquement pour l\u2019ex\u00e9cution des fonctions commerciales essentielles. <\/li>\n\n\n\n<li><strong>Int\u00e9grit\u00e9 des donn\u00e9es\u00a0:<\/strong> Nous ne recueillons ni ne stockons aucun renseignement de paiement sensible comme les d\u00e9tails de carte de cr\u00e9dit ou de d\u00e9bit sur notre site\u00a0Web. Toutes les modalit\u00e9s de r\u00e9servation sont trait\u00e9es par le biais d\u2019une communication directe et s\u00e9curis\u00e9e. <\/li>\n<\/ul>\n\n<h2 class=\"wp-block-heading\"><strong>4. Partage et divulgation des renseignements<\/strong><\/h2>\n\n<p>Turquoise Dahabiya <strong>ne vendra, ne louera ni ne c\u00e8dera jamais vos renseignements personnels.<\/strong> Vos donn\u00e9es sont partag\u00e9es uniquement dans les circonstances n\u00e9cessaires suivantes\u00a0:<\/p>\n\n<ul class=\"wp-block-list\">\n<li><strong>Fournisseurs de services tiers\u00a0:<\/strong> Pour ex\u00e9cuter votre r\u00e9servation, nous devons partager les d\u00e9tails pertinents (p.\u00a0ex., votre nom et vos dates de voyage) avec nos partenaires op\u00e9rationnels de confiance, tels que les fournisseurs de transport terrestre ou les guides touristiques sp\u00e9cifiques qui font partie de votre itin\u00e9raire. Ces partenaires sont tenus de respecter des normes de confidentialit\u00e9 strictes. <\/li>\n\n\n\n<li><strong>Obligations l\u00e9gales\u00a0:<\/strong> Nous pouvons divulguer des renseignements si la loi l\u2019exige, par exemple en r\u00e9ponse \u00e0 une ordonnance d\u2019un tribunal ou \u00e0 une assignation \u00e0 compara\u00eetre, ou pour \u00e9tablir et d\u00e9fendre nos droits l\u00e9gaux.<\/li>\n<\/ul>\n\n<p>Sauf dans les cas \u00e9nonc\u00e9s ci-dessus, nous ne partagerons pas vos renseignements personnels sans votre consentement expr\u00e8s.<\/p>\n\n<h2 class=\"wp-block-heading\"><strong>5. Vos droits et choix<\/strong><\/h2>\n\n<p>Vous conservez le contr\u00f4le total de vos renseignements personnels. Vous avez le droit de consulter, de mettre \u00e0 jour ou de demander la suppression des donn\u00e9es personnelles que nous d\u00e9tenons. Pour ce faire, veuillez communiquer avec nous en utilisant les renseignements fournis ci-dessous. Vous pouvez toujours choisir de ne pas fournir certains renseignements, bien qu\u2019ils puissent \u00eatre n\u00e9cessaires pour cr\u00e9er votre r\u00e9servation de voyage sur mesure.   <\/p>\n\n<h2 class=\"wp-block-heading\"><strong>6. Mises \u00e0 jour de la politique<\/strong><\/h2>\n\n<p>Nous pouvons mettre \u00e0 jour cette politique de confidentialit\u00e9 de temps \u00e0 autre pour refl\u00e9ter les changements dans nos pratiques ou pour d\u2019autres raisons op\u00e9rationnelles, juridiques ou r\u00e9glementaires. La politique mise \u00e0 jour sera affich\u00e9e sur cette page avec une nouvelle date d\u2019entr\u00e9e en vigueur. <\/p>\n\n<h2 class=\"wp-block-heading\"><strong>7. Communiquez avec nous<\/strong><\/h2>\n\n<p>Si vous avez des questions concernant cette politique de confidentialit\u00e9 ou nos pratiques en mati\u00e8re de donn\u00e9es, n\u2019h\u00e9sitez pas \u00e0 communiquer avec nous.<\/p>\n\n<p><strong>Turquoise Dahabiya<\/strong><strong><br\/><\/strong><strong>Courriel\u00a0:<\/strong> reservation@turquoisedahabiya.com<br\/><strong>T\u00e9l\u00e9phone\u00a0:<\/strong> +20 10 05883444<\/p>\n\n<p><\/p>\n","protected":false},"excerpt":{"rendered":"<p>Politique de confidentialit\u00e9 Date d\u2019entr\u00e9e en vigueur\u00a0: 13\u00a0ao\u00fbt\u00a02025 Turquoise Dahabiya s\u2019engage \u00e0 prot\u00e9ger la confidentialit\u00e9 et la s\u00e9curit\u00e9 des renseignements personnels de ses clients et des visiteurs de son site\u00a0Web. Notre objectif est d\u2019offrir une exp\u00e9rience de voyage de luxe in\u00e9gal\u00e9e sur le Nil, ce qui comprend de vous assurer que vous avez confiance dans [&hellip;]<\/p>\n","protected":false},"author":1,"featured_media":0,"parent":0,"menu_order":0,"comment_status":"closed","ping_status":"closed","template":"","meta":{"_monsterinsights_skip_tracking":false,"_monsterinsights_sitenote_active":false,"_monsterinsights_sitenote_note":"","_monsterinsights_sitenote_category":0,"footnotes":""},"class_list":["post-7685","page","type-page","status-publish","hentry"],"_links":{"self":[{"href":"https:\/\/turquoisedahabiya.com\/fr\/wp-json\/wp\/v2\/pages\/7685","targetHints":{"allow":["GET"]}}],"collection":[{"href":"https:\/\/turquoisedahabiya.com\/fr\/wp-json\/wp\/v2\/pages"}],"about":[{"href":"https:\/\/turquoisedahabiya.com\/fr\/wp-json\/wp\/v2\/types\/page"}],"author":[{"embeddable":true,"href":"https:\/\/turquoisedahabiya.com\/fr\/wp-json\/wp\/v2\/users\/1"}],"replies":[{"embeddable":true,"href":"https:\/\/turquoisedahabiya.com\/fr\/wp-json\/wp\/v2\/comments?post=7685"}],"version-history":[{"count":1,"href":"https:\/\/turquoisedahabiya.com\/fr\/wp-json\/wp\/v2\/pages\/7685\/revisions"}],"predecessor-version":[{"id":7687,"href":"https:\/\/turquoisedahabiya.com\/fr\/wp-json\/wp\/v2\/pages\/7685\/revisions\/7687"}],"wp:attachment":[{"href":"https:\/\/turquoisedahabiya.com\/fr\/wp-json\/wp\/v2\/media?parent=7685"}],"curies":[{"name":"wp","href":"https:\/\/api.w.org\/{rel}","templated":true}]}}